{"id":32166,"date":"2024-09-06T19:25:27","date_gmt":"2024-09-06T17:25:27","guid":{"rendered":"https:\/\/shop.sirental.it\/index.php\/product\/noleggia-a-lungo-termine-la-nuova-citroen-c3\/"},"modified":"2024-09-06T19:31:49","modified_gmt":"2024-09-06T17:31:49","slug":"noleggia-a-lungo-termine-la-nuova-citroen-c3","status":"publish","type":"product","link":"https:\/\/shop.sirental.it\/index.php\/product\/noleggia-a-lungo-termine-la-nuova-citroen-c3\/","title":{"rendered":"Noleggia a Lungo Termine la Nuova CITROEN C3"},"content":{"rendered":"<hr \/>\n<p><strong>Noleggia a Lungo Termine la Nuova CITROEN C3 &#8211; Consegna in Tutta Italia<\/strong><\/p>\n<p>Scopri il comfort e lo stile della nuova CITROEN C3 con il nostro esclusivo pacchetto di noleggio a lungo termine. Goditi un&#8217;esperienza di guida senza pensieri con un canone mensile competitivo di soli 295\u20ac IVA esclusa e senza nessun anticipo. Questo accordo ti permette di guidare fino a 60.000 km nel corso di 48 mesi, ideale sia per uso personale che professionale. Inoltre, offriamo la comodit\u00e0 della consegna diretta a casa tua ovunque in Italia. Non perdere l&#8217;opportunit\u00e0 di guidare una delle auto pi\u00f9 eleganti e funzionali sul mercato.<\/p>\n","protected":false},"excerpt":{"rendered":"<p><strong>Canone Mensile:<\/strong> \u20ac295 I.E Anticipo Zero<\/p>\n","protected":false},"featured_media":32165,"comment_status":"open","ping_status":"closed","template":"","meta":[],"product_brand":[],"product_cat":[86],"product_tag":[98,88,89],"class_list":{"0":"post-32166","1":"product","2":"type-product","3":"status-publish","4":"has-post-thumbnail","6":"product_cat-noleggio-a-lungo-termine","7":"product_tag-citroen-c3","8":"product_tag-noleggio-a-lungo-termine","9":"product_tag-sirental","11":"first","12":"instock","13":"sale","14":"virtual","15":"purchasable","16":"product-type-simple"},"yoast_head":"<!-- This site is optimized with the Yoast SEO Premium plugin v23.3 (Yoast SEO v24.9) - https:\/\/yoast.com\/wordpress\/plugins\/seo\/ -->\n<title>Noleggia a Lungo Termine la Nuova CITROEN C3 - Sirental Rentalcar Marzamemi Catania Aeroporto<\/title>\n<meta name=\"robots\" content=\"index, follow, max-snippet:-1, max-image-preview:large, max-video-preview:-1\" \/>\n<link rel=\"canonical\" href=\"https:\/\/shop.sirental.it\/index.php\/product\/noleggia-a-lungo-termine-la-nuova-citroen-c3\/\" \/>\n<meta property=\"og:locale\" content=\"it_IT\" \/>\n<meta property=\"og:type\" content=\"article\" \/>\n<meta property=\"og:title\" content=\"Noleggia a Lungo Termine la Nuova CITROEN C3\" \/>\n<meta property=\"og:description\" content=\"Canone Mensile: \u20ac295 I.E Anticipo Zero\" \/>\n<meta property=\"og:url\" content=\"https:\/\/shop.sirental.it\/index.php\/product\/noleggia-a-lungo-termine-la-nuova-citroen-c3\/\" \/>\n<meta property=\"og:site_name\" content=\"Sirental Rentalcar Marzamemi Catania Aeroporto\" \/>\n<meta property=\"article:publisher\" content=\"https:\/\/www.facebook.com\/sirentalsicilia\/\" \/>\n<meta property=\"article:modified_time\" content=\"2024-09-06T17:31:49+00:00\" \/>\n<meta property=\"og:image\" content=\"https:\/\/shop.sirental.it\/wp-content\/uploads\/2024\/08\/Progetto-senza-titolo-3.png\" \/>\n\t<meta property=\"og:image:width\" content=\"5559\" \/>\n\t<meta property=\"og:image:height\" content=\"1353\" \/>\n\t<meta property=\"og:image:type\" content=\"image\/png\" \/>\n<meta name=\"twitter:card\" content=\"summary_large_image\" \/>\n<script type=\"application\/ld+json\" class=\"yoast-schema-graph\">{\"@context\":\"https:\/\/schema.org\",\"@graph\":[{\"@type\":\"WebPage\",\"@id\":\"https:\/\/shop.sirental.it\/index.php\/product\/noleggia-a-lungo-termine-la-nuova-citroen-c3\/\",\"url\":\"https:\/\/shop.sirental.it\/index.php\/product\/noleggia-a-lungo-termine-la-nuova-citroen-c3\/\",\"name\":\"Noleggia a Lungo Termine la Nuova CITROEN C3 - Sirental Rentalcar Marzamemi Catania Aeroporto\",\"isPartOf\":{\"@id\":\"https:\/\/shop.sirental.it\/#website\"},\"primaryImageOfPage\":{\"@id\":\"https:\/\/shop.sirental.it\/index.php\/product\/noleggia-a-lungo-termine-la-nuova-citroen-c3\/#primaryimage\"},\"image\":{\"@id\":\"https:\/\/shop.sirental.it\/index.php\/product\/noleggia-a-lungo-termine-la-nuova-citroen-c3\/#primaryimage\"},\"thumbnailUrl\":\"https:\/\/shop.sirental.it\/wp-content\/uploads\/2024\/09\/348-3687-193-5.png\",\"datePublished\":\"2024-09-06T17:25:27+00:00\",\"dateModified\":\"2024-09-06T17:31:49+00:00\",\"breadcrumb\":{\"@id\":\"https:\/\/shop.sirental.it\/index.php\/product\/noleggia-a-lungo-termine-la-nuova-citroen-c3\/#breadcrumb\"},\"inLanguage\":\"it-IT\",\"potentialAction\":[{\"@type\":\"ReadAction\",\"target\":[\"https:\/\/shop.sirental.it\/index.php\/product\/noleggia-a-lungo-termine-la-nuova-citroen-c3\/\"]}]},{\"@type\":\"ImageObject\",\"inLanguage\":\"it-IT\",\"@id\":\"https:\/\/shop.sirental.it\/index.php\/product\/noleggia-a-lungo-termine-la-nuova-citroen-c3\/#primaryimage\",\"url\":\"https:\/\/shop.sirental.it\/wp-content\/uploads\/2024\/09\/348-3687-193-5.png\",\"contentUrl\":\"https:\/\/shop.sirental.it\/wp-content\/uploads\/2024\/09\/348-3687-193-5.png\",\"width\":1080,\"height\":1080},{\"@type\":\"BreadcrumbList\",\"@id\":\"https:\/\/shop.sirental.it\/index.php\/product\/noleggia-a-lungo-termine-la-nuova-citroen-c3\/#breadcrumb\",\"itemListElement\":[{\"@type\":\"ListItem\",\"position\":1,\"name\":\"Home\",\"item\":\"https:\/\/shop.sirental.it\/\"},{\"@type\":\"ListItem\",\"position\":2,\"name\":\"Shop\",\"item\":\"https:\/\/shop.sirental.it\/index.php\/shop\/\"},{\"@type\":\"ListItem\",\"position\":3,\"name\":\"Noleggia a Lungo Termine la Nuova CITROEN C3\"}]},{\"@type\":\"WebSite\",\"@id\":\"https:\/\/shop.sirental.it\/#website\",\"url\":\"https:\/\/shop.sirental.it\/\",\"name\":\"Sirental Rentalcar Marzamemi Catania Aeroporto\",\"description\":\"Rentalcar Marzamemi Catania Aeroporto\",\"publisher\":{\"@id\":\"https:\/\/shop.sirental.it\/#organization\"},\"potentialAction\":[{\"@type\":\"SearchAction\",\"target\":{\"@type\":\"EntryPoint\",\"urlTemplate\":\"https:\/\/shop.sirental.it\/?s={search_term_string}\"},\"query-input\":{\"@type\":\"PropertyValueSpecification\",\"valueRequired\":true,\"valueName\":\"search_term_string\"}}],\"inLanguage\":\"it-IT\"},{\"@type\":\"Organization\",\"@id\":\"https:\/\/shop.sirental.it\/#organization\",\"name\":\"Sirental Rentalcar Marzamemi Catania Aeroporto\",\"url\":\"https:\/\/shop.sirental.it\/\",\"logo\":{\"@type\":\"ImageObject\",\"inLanguage\":\"it-IT\",\"@id\":\"https:\/\/shop.sirental.it\/#\/schema\/logo\/image\/\",\"url\":\"https:\/\/shop.sirental.it\/wp-content\/uploads\/2024\/08\/Progetto-senza-titolo-3.png\",\"contentUrl\":\"https:\/\/shop.sirental.it\/wp-content\/uploads\/2024\/08\/Progetto-senza-titolo-3.png\",\"width\":5559,\"height\":1353,\"caption\":\"Sirental Rentalcar Marzamemi Catania Aeroporto\"},\"image\":{\"@id\":\"https:\/\/shop.sirental.it\/#\/schema\/logo\/image\/\"},\"sameAs\":[\"https:\/\/www.facebook.com\/sirentalsicilia\/\"],\"description\":\"Sirental \u00e8 una piattaforma per il noleggio a breve e lungo termine di auto, scooter, bici elettriche, furgoni, con soluzioni flessibili per privati e aziende.\",\"email\":\"info@sirental.it\",\"telephone\":\"+39 3337089526\",\"vatID\":\"01730140892\",\"publishingPrinciples\":\"https:\/\/shop.sirental.it\/index.php\/privacy-policy\/\"}]}<\/script>\n<!-- \/ Yoast SEO Premium plugin. -->","yoast_head_json":{"title":"Noleggia a Lungo Termine la Nuova CITROEN C3 - Sirental Rentalcar Marzamemi Catania Aeroporto","robots":{"index":"index","follow":"follow","max-snippet":"max-snippet:-1","max-image-preview":"max-image-preview:large","max-video-preview":"max-video-preview:-1"},"canonical":"https:\/\/shop.sirental.it\/index.php\/product\/noleggia-a-lungo-termine-la-nuova-citroen-c3\/","og_locale":"it_IT","og_type":"article","og_title":"Noleggia a Lungo Termine la Nuova CITROEN C3","og_description":"Canone Mensile: \u20ac295 I.E Anticipo Zero","og_url":"https:\/\/shop.sirental.it\/index.php\/product\/noleggia-a-lungo-termine-la-nuova-citroen-c3\/","og_site_name":"Sirental Rentalcar Marzamemi Catania Aeroporto","article_publisher":"https:\/\/www.facebook.com\/sirentalsicilia\/","article_modified_time":"2024-09-06T17:31:49+00:00","og_image":[{"width":5559,"height":1353,"url":"https:\/\/shop.sirental.it\/wp-content\/uploads\/2024\/08\/Progetto-senza-titolo-3.png","type":"image\/png"}],"twitter_card":"summary_large_image","schema":{"@context":"https:\/\/schema.org","@graph":[{"@type":"WebPage","@id":"https:\/\/shop.sirental.it\/index.php\/product\/noleggia-a-lungo-termine-la-nuova-citroen-c3\/","url":"https:\/\/shop.sirental.it\/index.php\/product\/noleggia-a-lungo-termine-la-nuova-citroen-c3\/","name":"Noleggia a Lungo Termine la Nuova CITROEN C3 - Sirental Rentalcar Marzamemi Catania Aeroporto","isPartOf":{"@id":"https:\/\/shop.sirental.it\/#website"},"primaryImageOfPage":{"@id":"https:\/\/shop.sirental.it\/index.php\/product\/noleggia-a-lungo-termine-la-nuova-citroen-c3\/#primaryimage"},"image":{"@id":"https:\/\/shop.sirental.it\/index.php\/product\/noleggia-a-lungo-termine-la-nuova-citroen-c3\/#primaryimage"},"thumbnailUrl":"https:\/\/shop.sirental.it\/wp-content\/uploads\/2024\/09\/348-3687-193-5.png","datePublished":"2024-09-06T17:25:27+00:00","dateModified":"2024-09-06T17:31:49+00:00","breadcrumb":{"@id":"https:\/\/shop.sirental.it\/index.php\/product\/noleggia-a-lungo-termine-la-nuova-citroen-c3\/#breadcrumb"},"inLanguage":"it-IT","potentialAction":[{"@type":"ReadAction","target":["https:\/\/shop.sirental.it\/index.php\/product\/noleggia-a-lungo-termine-la-nuova-citroen-c3\/"]}]},{"@type":"ImageObject","inLanguage":"it-IT","@id":"https:\/\/shop.sirental.it\/index.php\/product\/noleggia-a-lungo-termine-la-nuova-citroen-c3\/#primaryimage","url":"https:\/\/shop.sirental.it\/wp-content\/uploads\/2024\/09\/348-3687-193-5.png","contentUrl":"https:\/\/shop.sirental.it\/wp-content\/uploads\/2024\/09\/348-3687-193-5.png","width":1080,"height":1080},{"@type":"BreadcrumbList","@id":"https:\/\/shop.sirental.it\/index.php\/product\/noleggia-a-lungo-termine-la-nuova-citroen-c3\/#breadcrumb","itemListElement":[{"@type":"ListItem","position":1,"name":"Home","item":"https:\/\/shop.sirental.it\/"},{"@type":"ListItem","position":2,"name":"Shop","item":"https:\/\/shop.sirental.it\/index.php\/shop\/"},{"@type":"ListItem","position":3,"name":"Noleggia a Lungo Termine la Nuova CITROEN C3"}]},{"@type":"WebSite","@id":"https:\/\/shop.sirental.it\/#website","url":"https:\/\/shop.sirental.it\/","name":"Sirental Rentalcar Marzamemi Catania Aeroporto","description":"Rentalcar Marzamemi Catania Aeroporto","publisher":{"@id":"https:\/\/shop.sirental.it\/#organization"},"potentialAction":[{"@type":"SearchAction","target":{"@type":"EntryPoint","urlTemplate":"https:\/\/shop.sirental.it\/?s={search_term_string}"},"query-input":{"@type":"PropertyValueSpecification","valueRequired":true,"valueName":"search_term_string"}}],"inLanguage":"it-IT"},{"@type":"Organization","@id":"https:\/\/shop.sirental.it\/#organization","name":"Sirental Rentalcar Marzamemi Catania Aeroporto","url":"https:\/\/shop.sirental.it\/","logo":{"@type":"ImageObject","inLanguage":"it-IT","@id":"https:\/\/shop.sirental.it\/#\/schema\/logo\/image\/","url":"https:\/\/shop.sirental.it\/wp-content\/uploads\/2024\/08\/Progetto-senza-titolo-3.png","contentUrl":"https:\/\/shop.sirental.it\/wp-content\/uploads\/2024\/08\/Progetto-senza-titolo-3.png","width":5559,"height":1353,"caption":"Sirental Rentalcar Marzamemi Catania Aeroporto"},"image":{"@id":"https:\/\/shop.sirental.it\/#\/schema\/logo\/image\/"},"sameAs":["https:\/\/www.facebook.com\/sirentalsicilia\/"],"description":"Sirental \u00e8 una piattaforma per il noleggio a breve e lungo termine di auto, scooter, bici elettriche, furgoni, con soluzioni flessibili per privati e aziende.","email":"info@sirental.it","telephone":"+39 3337089526","vatID":"01730140892","publishingPrinciples":"https:\/\/shop.sirental.it\/index.php\/privacy-policy\/"}]}},"jetpack_sharing_enabled":true,"_links":{"self":[{"href":"https:\/\/shop.sirental.it\/index.php\/wp-json\/wp\/v2\/product\/32166","targetHints":{"allow":["GET"]}}],"collection":[{"href":"https:\/\/shop.sirental.it\/index.php\/wp-json\/wp\/v2\/product"}],"about":[{"href":"https:\/\/shop.sirental.it\/index.php\/wp-json\/wp\/v2\/types\/product"}],"replies":[{"embeddable":true,"href":"https:\/\/shop.sirental.it\/index.php\/wp-json\/wp\/v2\/comments?post=32166"}],"wp:featuredmedia":[{"embeddable":true,"href":"https:\/\/shop.sirental.it\/index.php\/wp-json\/wp\/v2\/media\/32165"}],"wp:attachment":[{"href":"https:\/\/shop.sirental.it\/index.php\/wp-json\/wp\/v2\/media?parent=32166"}],"wp:term":[{"taxonomy":"product_brand","embeddable":true,"href":"https:\/\/shop.sirental.it\/index.php\/wp-json\/wp\/v2\/product_brand?post=32166"},{"taxonomy":"product_cat","embeddable":true,"href":"https:\/\/shop.sirental.it\/index.php\/wp-json\/wp\/v2\/product_cat?post=32166"},{"taxonomy":"product_tag","embeddable":true,"href":"https:\/\/shop.sirental.it\/index.php\/wp-json\/wp\/v2\/product_tag?post=32166"}],"curies":[{"name":"wp","href":"https:\/\/api.w.org\/{rel}","templated":true}]}}